{"id":104,"date":"2017-09-07T13:00:57","date_gmt":"2017-09-07T13:00:57","guid":{"rendered":"https:\/\/demo.themefreesia.com\/idyllic-plus\/?page_id=104"},"modified":"2018-02-03T10:12:28","modified_gmt":"2018-02-03T09:12:28","slug":"temoignages-des-voyageurs","status":"publish","type":"page","link":"https:\/\/les-escapades-de-marie.com\/index.php\/temoignages-des-voyageurs\/","title":{"rendered":"T\u00e9moignages de voyageurs"},"content":{"rendered":"<p>Retrouvez ici le retour d&rsquo;exp\u00e9rience de voyageurs :<\/p>\n<h2>Mich\u00e8le G. Chamb\u00e9ry<\/h2>\n<blockquote><p>Voil\u00e0 plus de dix ans que nous voyageons avec Marie : destinations proches ou lointaines, escapades culturelles, musicales ou gastronomiques, ses propositions nous ont conquis.<span id=\"more-113\"><\/span><br \/>\nLes h\u00f4tels sont bien situ\u00e9s et de qualit\u00e9: ainsi lors d\u2019un r\u00e9cent voyage dans la r\u00e9gion de Cracovie, nous avons log\u00e9 successivement dans un h\u00f4tel en plein centre puis dans un romantique manoir en for\u00eat\u2026.<br \/>\nLes s\u00e9jours r\u00e9servent toujours une surprise: concert priv\u00e9 dans la maison de Mendelsohn \u00e0 Leipzig, d\u00e9jeuner chez l\u2019habitant en Arm\u00e9nie, pause dans un caravans\u00e9rail en Iran, rencontres insolites qui permettent un r\u00e9el partage.<br \/>\nLa bonne ambiance qui r\u00e8gne contribue \u00e0 cr\u00e9er entre les participants des rapports chaleureux, bienveillants, qui se prolongent souvent en liens amicaux et durables.<br \/>\nBref, des voyages personnalis\u00e9s, sur mesure, cousus main !<\/p><\/blockquote>\n<h2>Sophie B. Paris<\/h2>\n<blockquote><p>Je suis all\u00e9e au Japon pour la premi\u00e8re fois d\u00e9but novembre. J\u2019en garde un formidable souvenir. Marie a su marier le Japon du pass\u00e9 et celui du futur.<span id=\"more-111\"><\/span><br \/>\nGr\u00e2ce \u00e0 nos guides francophones, nous avons pu comprendre un peu de cette civilisation&nbsp;: Japonais attach\u00e9s \u00e0 leurs cultes et aussi&nbsp; \u00e0 l\u2019amour de la nature \u00e0 travers des jardins extraordinaires.<br \/>\nL\u2019ambiance du groupe \u00e9tait tr\u00e8s gaie, rassemblant des personnalit\u00e9s de France et de Suisse tr\u00e8s int\u00e9ressantes.<br \/>\nNous nous sommes laiss\u00e9s porter par les diff\u00e9rentes d\u00e9couvertes&nbsp;(culinaires,entre autres) et surprises r\u00e9serv\u00e9es par ce voyage.<br \/>\nBref, merci Marie pour le travail que cela a d\u00fb repr\u00e9senter.<\/p><\/blockquote>\n<h2>Jean-Yves L. Annecy<\/h2>\n<blockquote><p>Marie,<br \/>\nJe souhaitais te faire part de ma grande satisfaction pour ce voyage au Japon, tout d\u2019abord gr\u00e2ce \u00e0 la qualit\u00e9 de ton organisation, mais aussi gr\u00e2ce \u00e0 ton savoir-faire pour que les participants, petit \u00e0 petit, se rapprochent et s\u2019expriment dans le but de cr\u00e9er une ambiance sympathique et d\u00e9contract\u00e9e, malgr\u00e9 les rigueurs de l\u2019organisation.<span id=\"more-106\"><\/span><br \/>\nJ\u2019ai tout appr\u00e9ci\u00e9 dans ce voyage, les temples, les jardins, les architectes, mais surtout les mus\u00e9es, le magnifique mus\u00e9e de plein air \u00e0 Hakone, le mus\u00e9e&nbsp; de peinture \u00e0 Kyoto mettant en regard les peintres fran\u00e7ais et japonais de l\u2019\u00e9poque impressionniste, le superbe mus\u00e9e Nezu de Tokyo (\u00e0 la fois pour son architecture et son jardin) et tout cela gr\u00e2ce \u00e0 la souplesse de ton organisation. Je me rends compte du travail que tout cela repr\u00e9sente. J\u2019ai essay\u00e9 avec la complicit\u00e9 de T. de comprendre la ville et la soci\u00e9t\u00e9 japonaise.<br \/>\nTout cela constituera pour moi des souvenirs enrichissants et je t\u2019en remercie.<\/p><\/blockquote>\n<h2>Emmanuel R. Gen\u00e8ve<\/h2>\n<blockquote>\n<p class=\"p1\"><span class=\"s1\">Je me suis inscrit \u00e0 de nombreux voyages organis\u00e9s par Marie Vibert, en Arm\u00e9nie, en Roumanie, au Japon mais aussi dans le cadre de&nbsp; visites de villes ou r\u00e9gions de culture telles que Rome ou la Rioja au Pays basque espagnol ..<\/span><\/p>\n<p class=\"p1\"><span class=\"s1\">Quelque soit la destination j\u2019y ai toujours trouv\u00e9 un parfait \u00e9quilibre entre la d\u00e9couverte d\u2019une culture ou d\u2019un terroir, l\u2019int\u00e9r\u00eat des visites, la qualit\u00e9 de leur contenu culturel et historique, mais \u00e9galement le soin et l\u2019attention port\u00e9s au confort des lieux d\u2019h\u00e9bergement et aux plaisirs de la table, toujours en lien avec les particularit\u00e9s de chaque pays ou de chaque localit\u00e9.<\/span><\/p>\n<p class=\"p1\"><span class=\"s1\">Ce sont des voyages \u00e0 la fois enrichissants et reposants, o\u00f9 la rencontre de l\u2019autre fait partie du plaisir de voyager.<\/span><\/p>\n<\/blockquote>\n<h2 class=\"p1\"><span class=\"s1\">Olivier B. Neuilly<\/span><\/h2>\n<blockquote>\n<p class=\"p1\"><span class=\"s1\">L&rsquo;art du voyage avec Marie est&nbsp; une suite de surprises&nbsp; bien pr\u00e9par\u00e9es : la d\u00e9couverte des sites et de leur histoire, des th\u00e8mes soigneusement choisis et document\u00e9s, toujours une note contemporaine et des guides locaux passionn\u00e9s.<\/span><\/p>\n<p class=\"p1\"><span class=\"s1\">Marie marie si bien le s\u00e9rieux et l&rsquo;humour, le culturel et les sc\u00e8nes famili\u00e8res. Le groupe vit parfaitement le rythme parfois tr\u00e8s soutenu des d\u00e9couvertes.<\/span><\/p>\n<p class=\"p1\"><span class=\"s1\">En fond, une organisation parfaite d&rsquo;un grand professionnalisme.<\/span><\/p>\n<p class=\"p1\"><span class=\"s1\">Quand et o\u00f9 pr\u00e9pares-tu le prochain th\u00e8me ?<\/span><\/p>\n<\/blockquote>\n<p>&nbsp;<\/p>\n","protected":false},"excerpt":{"rendered":"<p>Retrouvez ici le retour d&rsquo;exp\u00e9rience de voyageurs : Mich\u00e8le G. Chamb\u00e9ry Voil\u00e0 plus de dix ans que nous voyageons avec Marie : destinations proches ou lointaines, escapades culturelles, musicales ou gastronomiques, ses propositions nous ont conquis. Les h\u00f4tels sont bien situ\u00e9s et de qualit\u00e9: ainsi lors d\u2019un r\u00e9cent voyage dans&hellip; <\/p>\n","protected":false},"author":1,"featured_media":627,"parent":0,"menu_order":0,"comment_status":"closed","ping_status":"closed","template":"","meta":{"footnotes":""},"class_list":["post-104","page","type-page","status-publish","has-post-thumbnail","hentry"],"yoast_head":"<!-- This site is optimized with the Yoast SEO plugin v26.6 - https:\/\/yoast.com\/wordpress\/plugins\/seo\/ -->\n<title>T\u00e9moignages de voyageurs - Les escapades de Marie<\/title>\n<meta name=\"robots\" content=\"index, follow, max-snippet:-1, max-image-preview:large, max-video-preview:-1\" \/>\n<link rel=\"canonical\" href=\"https:\/\/les-escapades-de-marie.com\/index.php\/temoignages-des-voyageurs\/\" \/>\n<meta property=\"og:locale\" content=\"fr_FR\" \/>\n<meta property=\"og:type\" content=\"article\" \/>\n<meta property=\"og:title\" content=\"T\u00e9moignages de voyageurs - Les escapades de Marie\" \/>\n<meta property=\"og:description\" content=\"Retrouvez ici le retour d&rsquo;exp\u00e9rience de voyageurs : Mich\u00e8le G. Chamb\u00e9ry Voil\u00e0 plus de dix ans que nous voyageons avec Marie : destinations proches ou lointaines, escapades culturelles, musicales ou gastronomiques, ses propositions nous ont conquis. Les h\u00f4tels sont bien situ\u00e9s et de qualit\u00e9: ainsi lors d\u2019un r\u00e9cent voyage dans&hellip;\" \/>\n<meta property=\"og:url\" content=\"https:\/\/les-escapades-de-marie.com\/index.php\/temoignages-des-voyageurs\/\" \/>\n<meta property=\"og:site_name\" content=\"Les escapades de Marie\" \/>\n<meta property=\"article:modified_time\" content=\"2018-02-03T09:12:28+00:00\" \/>\n<meta property=\"og:image\" content=\"https:\/\/les-escapades-de-marie.com\/wp-content\/uploads\/2017\/09\/photo-genes-italie-voyages-marie-vibert-01.jpg\" \/>\n\t<meta property=\"og:image:width\" content=\"1000\" \/>\n\t<meta property=\"og:image:height\" content=\"664\" \/>\n\t<meta property=\"og:image:type\" content=\"image\/jpeg\" \/>\n<meta name=\"twitter:card\" content=\"summary_large_image\" \/>\n<meta name=\"twitter:label1\" content=\"Dur\u00e9e de lecture estim\u00e9e\" \/>\n\t<meta name=\"twitter:data1\" content=\"3 minutes\" \/>\n<script type=\"application\/ld+json\" class=\"yoast-schema-graph\">{\"@context\":\"https:\/\/schema.org\",\"@graph\":[{\"@type\":\"WebPage\",\"@id\":\"https:\/\/les-escapades-de-marie.com\/index.php\/temoignages-des-voyageurs\/\",\"url\":\"https:\/\/les-escapades-de-marie.com\/index.php\/temoignages-des-voyageurs\/\",\"name\":\"T\u00e9moignages de voyageurs - Les escapades de Marie\",\"isPartOf\":{\"@id\":\"https:\/\/les-escapades-de-marie.com\/#website\"},\"primaryImageOfPage\":{\"@id\":\"https:\/\/les-escapades-de-marie.com\/index.php\/temoignages-des-voyageurs\/#primaryimage\"},\"image\":{\"@id\":\"https:\/\/les-escapades-de-marie.com\/index.php\/temoignages-des-voyageurs\/#primaryimage\"},\"thumbnailUrl\":\"https:\/\/les-escapades-de-marie.com\/wp-content\/uploads\/2017\/09\/photo-genes-italie-voyages-marie-vibert-01.jpg\",\"datePublished\":\"2017-09-07T13:00:57+00:00\",\"dateModified\":\"2018-02-03T09:12:28+00:00\",\"breadcrumb\":{\"@id\":\"https:\/\/les-escapades-de-marie.com\/index.php\/temoignages-des-voyageurs\/#breadcrumb\"},\"inLanguage\":\"fr-FR\",\"potentialAction\":[{\"@type\":\"ReadAction\",\"target\":[\"https:\/\/les-escapades-de-marie.com\/index.php\/temoignages-des-voyageurs\/\"]}]},{\"@type\":\"ImageObject\",\"inLanguage\":\"fr-FR\",\"@id\":\"https:\/\/les-escapades-de-marie.com\/index.php\/temoignages-des-voyageurs\/#primaryimage\",\"url\":\"https:\/\/les-escapades-de-marie.com\/wp-content\/uploads\/2017\/09\/photo-genes-italie-voyages-marie-vibert-01.jpg\",\"contentUrl\":\"https:\/\/les-escapades-de-marie.com\/wp-content\/uploads\/2017\/09\/photo-genes-italie-voyages-marie-vibert-01.jpg\",\"width\":1000,\"height\":664},{\"@type\":\"BreadcrumbList\",\"@id\":\"https:\/\/les-escapades-de-marie.com\/index.php\/temoignages-des-voyageurs\/#breadcrumb\",\"itemListElement\":[{\"@type\":\"ListItem\",\"position\":1,\"name\":\"Accueil\",\"item\":\"https:\/\/les-escapades-de-marie.com\/\"},{\"@type\":\"ListItem\",\"position\":2,\"name\":\"T\u00e9moignages de voyageurs\"}]},{\"@type\":\"WebSite\",\"@id\":\"https:\/\/les-escapades-de-marie.com\/#website\",\"url\":\"https:\/\/les-escapades-de-marie.com\/\",\"name\":\"Les escapades de Marie\",\"description\":\"Conna\u00eetre, comprendre, partager.\",\"publisher\":{\"@id\":\"https:\/\/les-escapades-de-marie.com\/#organization\"},\"potentialAction\":[{\"@type\":\"SearchAction\",\"target\":{\"@type\":\"EntryPoint\",\"urlTemplate\":\"https:\/\/les-escapades-de-marie.com\/?s={search_term_string}\"},\"query-input\":{\"@type\":\"PropertyValueSpecification\",\"valueRequired\":true,\"valueName\":\"search_term_string\"}}],\"inLanguage\":\"fr-FR\"},{\"@type\":\"Organization\",\"@id\":\"https:\/\/les-escapades-de-marie.com\/#organization\",\"name\":\"Les escapades de Marie\",\"url\":\"https:\/\/les-escapades-de-marie.com\/\",\"logo\":{\"@type\":\"ImageObject\",\"inLanguage\":\"fr-FR\",\"@id\":\"https:\/\/les-escapades-de-marie.com\/#\/schema\/logo\/image\/\",\"url\":\"https:\/\/les-escapades-de-marie.com\/wp-content\/uploads\/2018\/01\/les-escapades-de-marie-logo-500px-bord-blanc.png\",\"contentUrl\":\"https:\/\/les-escapades-de-marie.com\/wp-content\/uploads\/2018\/01\/les-escapades-de-marie-logo-500px-bord-blanc.png\",\"width\":530,\"height\":230,\"caption\":\"Les escapades de Marie\"},\"image\":{\"@id\":\"https:\/\/les-escapades-de-marie.com\/#\/schema\/logo\/image\/\"}}]}<\/script>\n<!-- \/ Yoast SEO plugin. -->","yoast_head_json":{"title":"T\u00e9moignages de voyageurs - Les escapades de Marie","robots":{"index":"index","follow":"follow","max-snippet":"max-snippet:-1","max-image-preview":"max-image-preview:large","max-video-preview":"max-video-preview:-1"},"canonical":"https:\/\/les-escapades-de-marie.com\/index.php\/temoignages-des-voyageurs\/","og_locale":"fr_FR","og_type":"article","og_title":"T\u00e9moignages de voyageurs - Les escapades de Marie","og_description":"Retrouvez ici le retour d&rsquo;exp\u00e9rience de voyageurs : Mich\u00e8le G. Chamb\u00e9ry Voil\u00e0 plus de dix ans que nous voyageons avec Marie : destinations proches ou lointaines, escapades culturelles, musicales ou gastronomiques, ses propositions nous ont conquis. Les h\u00f4tels sont bien situ\u00e9s et de qualit\u00e9: ainsi lors d\u2019un r\u00e9cent voyage dans&hellip;","og_url":"https:\/\/les-escapades-de-marie.com\/index.php\/temoignages-des-voyageurs\/","og_site_name":"Les escapades de Marie","article_modified_time":"2018-02-03T09:12:28+00:00","og_image":[{"width":1000,"height":664,"url":"https:\/\/les-escapades-de-marie.com\/wp-content\/uploads\/2017\/09\/photo-genes-italie-voyages-marie-vibert-01.jpg","type":"image\/jpeg"}],"twitter_card":"summary_large_image","twitter_misc":{"Dur\u00e9e de lecture estim\u00e9e":"3 minutes"},"schema":{"@context":"https:\/\/schema.org","@graph":[{"@type":"WebPage","@id":"https:\/\/les-escapades-de-marie.com\/index.php\/temoignages-des-voyageurs\/","url":"https:\/\/les-escapades-de-marie.com\/index.php\/temoignages-des-voyageurs\/","name":"T\u00e9moignages de voyageurs - Les escapades de Marie","isPartOf":{"@id":"https:\/\/les-escapades-de-marie.com\/#website"},"primaryImageOfPage":{"@id":"https:\/\/les-escapades-de-marie.com\/index.php\/temoignages-des-voyageurs\/#primaryimage"},"image":{"@id":"https:\/\/les-escapades-de-marie.com\/index.php\/temoignages-des-voyageurs\/#primaryimage"},"thumbnailUrl":"https:\/\/les-escapades-de-marie.com\/wp-content\/uploads\/2017\/09\/photo-genes-italie-voyages-marie-vibert-01.jpg","datePublished":"2017-09-07T13:00:57+00:00","dateModified":"2018-02-03T09:12:28+00:00","breadcrumb":{"@id":"https:\/\/les-escapades-de-marie.com\/index.php\/temoignages-des-voyageurs\/#breadcrumb"},"inLanguage":"fr-FR","potentialAction":[{"@type":"ReadAction","target":["https:\/\/les-escapades-de-marie.com\/index.php\/temoignages-des-voyageurs\/"]}]},{"@type":"ImageObject","inLanguage":"fr-FR","@id":"https:\/\/les-escapades-de-marie.com\/index.php\/temoignages-des-voyageurs\/#primaryimage","url":"https:\/\/les-escapades-de-marie.com\/wp-content\/uploads\/2017\/09\/photo-genes-italie-voyages-marie-vibert-01.jpg","contentUrl":"https:\/\/les-escapades-de-marie.com\/wp-content\/uploads\/2017\/09\/photo-genes-italie-voyages-marie-vibert-01.jpg","width":1000,"height":664},{"@type":"BreadcrumbList","@id":"https:\/\/les-escapades-de-marie.com\/index.php\/temoignages-des-voyageurs\/#breadcrumb","itemListElement":[{"@type":"ListItem","position":1,"name":"Accueil","item":"https:\/\/les-escapades-de-marie.com\/"},{"@type":"ListItem","position":2,"name":"T\u00e9moignages de voyageurs"}]},{"@type":"WebSite","@id":"https:\/\/les-escapades-de-marie.com\/#website","url":"https:\/\/les-escapades-de-marie.com\/","name":"Les escapades de Marie","description":"Conna\u00eetre, comprendre, partager.","publisher":{"@id":"https:\/\/les-escapades-de-marie.com\/#organization"},"potentialAction":[{"@type":"SearchAction","target":{"@type":"EntryPoint","urlTemplate":"https:\/\/les-escapades-de-marie.com\/?s={search_term_string}"},"query-input":{"@type":"PropertyValueSpecification","valueRequired":true,"valueName":"search_term_string"}}],"inLanguage":"fr-FR"},{"@type":"Organization","@id":"https:\/\/les-escapades-de-marie.com\/#organization","name":"Les escapades de Marie","url":"https:\/\/les-escapades-de-marie.com\/","logo":{"@type":"ImageObject","inLanguage":"fr-FR","@id":"https:\/\/les-escapades-de-marie.com\/#\/schema\/logo\/image\/","url":"https:\/\/les-escapades-de-marie.com\/wp-content\/uploads\/2018\/01\/les-escapades-de-marie-logo-500px-bord-blanc.png","contentUrl":"https:\/\/les-escapades-de-marie.com\/wp-content\/uploads\/2018\/01\/les-escapades-de-marie-logo-500px-bord-blanc.png","width":530,"height":230,"caption":"Les escapades de Marie"},"image":{"@id":"https:\/\/les-escapades-de-marie.com\/#\/schema\/logo\/image\/"}}]}},"_links":{"self":[{"href":"https:\/\/les-escapades-de-marie.com\/index.php\/wp-json\/wp\/v2\/pages\/104","targetHints":{"allow":["GET"]}}],"collection":[{"href":"https:\/\/les-escapades-de-marie.com\/index.php\/wp-json\/wp\/v2\/pages"}],"about":[{"href":"https:\/\/les-escapades-de-marie.com\/index.php\/wp-json\/wp\/v2\/types\/page"}],"author":[{"embeddable":true,"href":"https:\/\/les-escapades-de-marie.com\/index.php\/wp-json\/wp\/v2\/users\/1"}],"replies":[{"embeddable":true,"href":"https:\/\/les-escapades-de-marie.com\/index.php\/wp-json\/wp\/v2\/comments?post=104"}],"version-history":[{"count":0,"href":"https:\/\/les-escapades-de-marie.com\/index.php\/wp-json\/wp\/v2\/pages\/104\/revisions"}],"wp:featuredmedia":[{"embeddable":true,"href":"https:\/\/les-escapades-de-marie.com\/index.php\/wp-json\/wp\/v2\/media\/627"}],"wp:attachment":[{"href":"https:\/\/les-escapades-de-marie.com\/index.php\/wp-json\/wp\/v2\/media?parent=104"}],"curies":[{"name":"wp","href":"https:\/\/api.w.org\/{rel}","templated":true}]}}