{"id":111,"date":"2017-09-07T13:03:11","date_gmt":"2017-09-07T13:03:11","guid":{"rendered":"https:\/\/demo.themefreesia.com\/idyllic-plus\/?page_id=111"},"modified":"2018-01-18T16:05:09","modified_gmt":"2018-01-18T15:05:09","slug":"sophie","status":"publish","type":"page","link":"https:\/\/les-escapades-de-marie.com\/index.php\/temoignages-des-voyageurs\/sophie\/","title":{"rendered":"Sophie B. Paris"},"content":{"rendered":"<p>Je suis all\u00e9e au Japon pour la premi\u00e8re fois d\u00e9but novembre. J&rsquo;en garde un formidable souvenir. Marie a su marier le Japon du pass\u00e9 et celui du futur.<!--more--><br \/>\nGr\u00e2ce \u00e0 nos guides francophones, nous avons pu comprendre un peu de cette civilisation\u00a0: Japonais attach\u00e9s \u00e0 leurs cultes et aussi\u00a0 \u00e0 l&rsquo;amour de la nature \u00e0 travers des jardins extraordinaires.<br \/>\nL&rsquo;ambiance du groupe \u00e9tait tr\u00e8s gaie, rassemblant des personnalit\u00e9s de France et de Suisse tr\u00e8s int\u00e9ressantes.<br \/>\nNous nous sommes laiss\u00e9s porter par les diff\u00e9rentes d\u00e9couvertes\u00a0(culinaires,entre autres) et surprises r\u00e9serv\u00e9es par ce voyage.<br \/>\nBref, merci Marie pour le travail que cela a d\u00fb repr\u00e9senter.<\/p>\n","protected":false},"excerpt":{"rendered":"<p>Je suis all\u00e9e au Japon pour la premi\u00e8re fois d\u00e9but novembre. J&rsquo;en garde un formidable souvenir. Marie a su marier le Japon du pass\u00e9 et celui du futur.<\/p>\n","protected":false},"author":1,"featured_media":0,"parent":104,"menu_order":0,"comment_status":"closed","ping_status":"closed","template":"","meta":{"footnotes":""},"class_list":["post-111","page","type-page","status-publish","hentry"],"yoast_head":"<!-- This site is optimized with the Yoast SEO plugin v26.6 - https:\/\/yoast.com\/wordpress\/plugins\/seo\/ -->\n<title>Sophie B. Paris - Les escapades de Marie<\/title>\n<meta name=\"robots\" content=\"index, follow, max-snippet:-1, max-image-preview:large, max-video-preview:-1\" \/>\n<link rel=\"canonical\" href=\"https:\/\/les-escapades-de-marie.com\/index.php\/temoignages-des-voyageurs\/sophie\/\" \/>\n<meta property=\"og:locale\" content=\"fr_FR\" \/>\n<meta property=\"og:type\" content=\"article\" \/>\n<meta property=\"og:title\" content=\"Sophie B. Paris - Les escapades de Marie\" \/>\n<meta property=\"og:description\" content=\"Je suis all\u00e9e au Japon pour la premi\u00e8re fois d\u00e9but novembre. J&rsquo;en garde un formidable souvenir. Marie a su marier le Japon du pass\u00e9 et celui du futur.\" \/>\n<meta property=\"og:url\" content=\"https:\/\/les-escapades-de-marie.com\/index.php\/temoignages-des-voyageurs\/sophie\/\" \/>\n<meta property=\"og:site_name\" content=\"Les escapades de Marie\" \/>\n<meta property=\"article:modified_time\" content=\"2018-01-18T15:05:09+00:00\" \/>\n<meta name=\"twitter:card\" content=\"summary_large_image\" \/>\n<meta name=\"twitter:label1\" content=\"Dur\u00e9e de lecture estim\u00e9e\" \/>\n\t<meta name=\"twitter:data1\" content=\"1 minute\" \/>\n<script type=\"application\/ld+json\" class=\"yoast-schema-graph\">{\"@context\":\"https:\/\/schema.org\",\"@graph\":[{\"@type\":\"WebPage\",\"@id\":\"https:\/\/les-escapades-de-marie.com\/index.php\/temoignages-des-voyageurs\/sophie\/\",\"url\":\"https:\/\/les-escapades-de-marie.com\/index.php\/temoignages-des-voyageurs\/sophie\/\",\"name\":\"Sophie B. Paris - Les escapades de Marie\",\"isPartOf\":{\"@id\":\"https:\/\/les-escapades-de-marie.com\/#website\"},\"datePublished\":\"2017-09-07T13:03:11+00:00\",\"dateModified\":\"2018-01-18T15:05:09+00:00\",\"breadcrumb\":{\"@id\":\"https:\/\/les-escapades-de-marie.com\/index.php\/temoignages-des-voyageurs\/sophie\/#breadcrumb\"},\"inLanguage\":\"fr-FR\",\"potentialAction\":[{\"@type\":\"ReadAction\",\"target\":[\"https:\/\/les-escapades-de-marie.com\/index.php\/temoignages-des-voyageurs\/sophie\/\"]}]},{\"@type\":\"BreadcrumbList\",\"@id\":\"https:\/\/les-escapades-de-marie.com\/index.php\/temoignages-des-voyageurs\/sophie\/#breadcrumb\",\"itemListElement\":[{\"@type\":\"ListItem\",\"position\":1,\"name\":\"Accueil\",\"item\":\"https:\/\/les-escapades-de-marie.com\/\"},{\"@type\":\"ListItem\",\"position\":2,\"name\":\"T\u00e9moignages de voyageurs\",\"item\":\"https:\/\/les-escapades-de-marie.com\/index.php\/temoignages-des-voyageurs\/\"},{\"@type\":\"ListItem\",\"position\":3,\"name\":\"Sophie B. Paris\"}]},{\"@type\":\"WebSite\",\"@id\":\"https:\/\/les-escapades-de-marie.com\/#website\",\"url\":\"https:\/\/les-escapades-de-marie.com\/\",\"name\":\"Les escapades de Marie\",\"description\":\"Conna\u00eetre, comprendre, partager.\",\"publisher\":{\"@id\":\"https:\/\/les-escapades-de-marie.com\/#organization\"},\"potentialAction\":[{\"@type\":\"SearchAction\",\"target\":{\"@type\":\"EntryPoint\",\"urlTemplate\":\"https:\/\/les-escapades-de-marie.com\/?s={search_term_string}\"},\"query-input\":{\"@type\":\"PropertyValueSpecification\",\"valueRequired\":true,\"valueName\":\"search_term_string\"}}],\"inLanguage\":\"fr-FR\"},{\"@type\":\"Organization\",\"@id\":\"https:\/\/les-escapades-de-marie.com\/#organization\",\"name\":\"Les escapades de Marie\",\"url\":\"https:\/\/les-escapades-de-marie.com\/\",\"logo\":{\"@type\":\"ImageObject\",\"inLanguage\":\"fr-FR\",\"@id\":\"https:\/\/les-escapades-de-marie.com\/#\/schema\/logo\/image\/\",\"url\":\"https:\/\/les-escapades-de-marie.com\/wp-content\/uploads\/2018\/01\/les-escapades-de-marie-logo-500px-bord-blanc.png\",\"contentUrl\":\"https:\/\/les-escapades-de-marie.com\/wp-content\/uploads\/2018\/01\/les-escapades-de-marie-logo-500px-bord-blanc.png\",\"width\":530,\"height\":230,\"caption\":\"Les escapades de Marie\"},\"image\":{\"@id\":\"https:\/\/les-escapades-de-marie.com\/#\/schema\/logo\/image\/\"}}]}<\/script>\n<!-- \/ Yoast SEO plugin. -->","yoast_head_json":{"title":"Sophie B. Paris - Les escapades de Marie","robots":{"index":"index","follow":"follow","max-snippet":"max-snippet:-1","max-image-preview":"max-image-preview:large","max-video-preview":"max-video-preview:-1"},"canonical":"https:\/\/les-escapades-de-marie.com\/index.php\/temoignages-des-voyageurs\/sophie\/","og_locale":"fr_FR","og_type":"article","og_title":"Sophie B. Paris - Les escapades de Marie","og_description":"Je suis all\u00e9e au Japon pour la premi\u00e8re fois d\u00e9but novembre. J&rsquo;en garde un formidable souvenir. Marie a su marier le Japon du pass\u00e9 et celui du futur.","og_url":"https:\/\/les-escapades-de-marie.com\/index.php\/temoignages-des-voyageurs\/sophie\/","og_site_name":"Les escapades de Marie","article_modified_time":"2018-01-18T15:05:09+00:00","twitter_card":"summary_large_image","twitter_misc":{"Dur\u00e9e de lecture estim\u00e9e":"1 minute"},"schema":{"@context":"https:\/\/schema.org","@graph":[{"@type":"WebPage","@id":"https:\/\/les-escapades-de-marie.com\/index.php\/temoignages-des-voyageurs\/sophie\/","url":"https:\/\/les-escapades-de-marie.com\/index.php\/temoignages-des-voyageurs\/sophie\/","name":"Sophie B. Paris - Les escapades de Marie","isPartOf":{"@id":"https:\/\/les-escapades-de-marie.com\/#website"},"datePublished":"2017-09-07T13:03:11+00:00","dateModified":"2018-01-18T15:05:09+00:00","breadcrumb":{"@id":"https:\/\/les-escapades-de-marie.com\/index.php\/temoignages-des-voyageurs\/sophie\/#breadcrumb"},"inLanguage":"fr-FR","potentialAction":[{"@type":"ReadAction","target":["https:\/\/les-escapades-de-marie.com\/index.php\/temoignages-des-voyageurs\/sophie\/"]}]},{"@type":"BreadcrumbList","@id":"https:\/\/les-escapades-de-marie.com\/index.php\/temoignages-des-voyageurs\/sophie\/#breadcrumb","itemListElement":[{"@type":"ListItem","position":1,"name":"Accueil","item":"https:\/\/les-escapades-de-marie.com\/"},{"@type":"ListItem","position":2,"name":"T\u00e9moignages de voyageurs","item":"https:\/\/les-escapades-de-marie.com\/index.php\/temoignages-des-voyageurs\/"},{"@type":"ListItem","position":3,"name":"Sophie B. Paris"}]},{"@type":"WebSite","@id":"https:\/\/les-escapades-de-marie.com\/#website","url":"https:\/\/les-escapades-de-marie.com\/","name":"Les escapades de Marie","description":"Conna\u00eetre, comprendre, partager.","publisher":{"@id":"https:\/\/les-escapades-de-marie.com\/#organization"},"potentialAction":[{"@type":"SearchAction","target":{"@type":"EntryPoint","urlTemplate":"https:\/\/les-escapades-de-marie.com\/?s={search_term_string}"},"query-input":{"@type":"PropertyValueSpecification","valueRequired":true,"valueName":"search_term_string"}}],"inLanguage":"fr-FR"},{"@type":"Organization","@id":"https:\/\/les-escapades-de-marie.com\/#organization","name":"Les escapades de Marie","url":"https:\/\/les-escapades-de-marie.com\/","logo":{"@type":"ImageObject","inLanguage":"fr-FR","@id":"https:\/\/les-escapades-de-marie.com\/#\/schema\/logo\/image\/","url":"https:\/\/les-escapades-de-marie.com\/wp-content\/uploads\/2018\/01\/les-escapades-de-marie-logo-500px-bord-blanc.png","contentUrl":"https:\/\/les-escapades-de-marie.com\/wp-content\/uploads\/2018\/01\/les-escapades-de-marie-logo-500px-bord-blanc.png","width":530,"height":230,"caption":"Les escapades de Marie"},"image":{"@id":"https:\/\/les-escapades-de-marie.com\/#\/schema\/logo\/image\/"}}]}},"_links":{"self":[{"href":"https:\/\/les-escapades-de-marie.com\/index.php\/wp-json\/wp\/v2\/pages\/111","targetHints":{"allow":["GET"]}}],"collection":[{"href":"https:\/\/les-escapades-de-marie.com\/index.php\/wp-json\/wp\/v2\/pages"}],"about":[{"href":"https:\/\/les-escapades-de-marie.com\/index.php\/wp-json\/wp\/v2\/types\/page"}],"author":[{"embeddable":true,"href":"https:\/\/les-escapades-de-marie.com\/index.php\/wp-json\/wp\/v2\/users\/1"}],"replies":[{"embeddable":true,"href":"https:\/\/les-escapades-de-marie.com\/index.php\/wp-json\/wp\/v2\/comments?post=111"}],"version-history":[{"count":0,"href":"https:\/\/les-escapades-de-marie.com\/index.php\/wp-json\/wp\/v2\/pages\/111\/revisions"}],"up":[{"embeddable":true,"href":"https:\/\/les-escapades-de-marie.com\/index.php\/wp-json\/wp\/v2\/pages\/104"}],"wp:attachment":[{"href":"https:\/\/les-escapades-de-marie.com\/index.php\/wp-json\/wp\/v2\/media?parent=111"}],"curies":[{"name":"wp","href":"https:\/\/api.w.org\/{rel}","templated":true}]}}