{"id":312,"date":"2017-09-11T11:32:29","date_gmt":"2017-09-11T11:32:29","guid":{"rendered":"https:\/\/demo.themefreesia.com\/idyllic-plus\/?page_id=312"},"modified":"2022-11-29T17:41:05","modified_gmt":"2022-11-29T16:41:05","slug":"contact","status":"publish","type":"page","link":"https:\/\/les-escapades-de-marie.com\/index.php\/contact\/","title":{"rendered":"Me contacter"},"content":{"rendered":"\n<h3 class=\"has-text-align-center wp-block-heading\">Une envie de voyage ?<\/h3>\n\n\n\n<p class=\"has-text-align-center\">Pour me contacter, <br>merci de m&rsquo;envoyer un mail \u00e0 l&rsquo;adresse suivante <a href=\"mailto:mcvibert2@yahoo.fr\">mcvibert2@yahoo.fr<\/a> <br>ou de me joindre au t\u00e9l\u00e9phone au (00 33) 6 10 11 27 16 <br>de 9h \u00e0 18h du lundi au vendredi.<\/p>\n\n\n\n<div style=\"height:100px\" aria-hidden=\"true\" class=\"wp-block-spacer\"><\/div>\n","protected":false},"excerpt":{"rendered":"<p>Une envie de voyage ? Pour me contacter, merci de m&rsquo;envoyer un mail \u00e0 l&rsquo;adresse suivante mcvibert2@yahoo.fr ou de me joindre au t\u00e9l\u00e9phone au (00 33) 6 10 11 27 16 de 9h \u00e0 18h du lundi au vendredi.<\/p>\n","protected":false},"author":1,"featured_media":700,"parent":0,"menu_order":0,"comment_status":"closed","ping_status":"closed","template":"page-templates\/contact-template.php","meta":{"footnotes":""},"class_list":["post-312","page","type-page","status-publish","has-post-thumbnail","hentry"],"yoast_head":"<!-- This site is optimized with the Yoast SEO plugin v26.6 - https:\/\/yoast.com\/wordpress\/plugins\/seo\/ -->\n<title>Me contacter - Les escapades de Marie<\/title>\n<meta name=\"robots\" content=\"index, follow, max-snippet:-1, max-image-preview:large, max-video-preview:-1\" \/>\n<link rel=\"canonical\" href=\"https:\/\/les-escapades-de-marie.com\/index.php\/contact\/\" \/>\n<meta property=\"og:locale\" content=\"fr_FR\" \/>\n<meta property=\"og:type\" content=\"article\" \/>\n<meta property=\"og:title\" content=\"Me contacter - Les escapades de Marie\" \/>\n<meta property=\"og:description\" content=\"Une envie de voyage ? Pour me contacter, merci de m&rsquo;envoyer un mail \u00e0 l&rsquo;adresse suivante mcvibert2@yahoo.fr ou de me joindre au t\u00e9l\u00e9phone au (00 33) 6 10 11 27 16 de 9h \u00e0 18h du lundi au vendredi.\" \/>\n<meta property=\"og:url\" content=\"https:\/\/les-escapades-de-marie.com\/index.php\/contact\/\" \/>\n<meta property=\"og:site_name\" content=\"Les escapades de Marie\" \/>\n<meta property=\"article:modified_time\" content=\"2022-11-29T16:41:05+00:00\" \/>\n<meta property=\"og:image\" content=\"https:\/\/les-escapades-de-marie.com\/wp-content\/uploads\/2017\/09\/photo-rome-voyages-marie-vibert-05.jpg\" \/>\n\t<meta property=\"og:image:width\" content=\"1000\" \/>\n\t<meta property=\"og:image:height\" content=\"333\" \/>\n\t<meta property=\"og:image:type\" content=\"image\/jpeg\" \/>\n<meta name=\"twitter:card\" content=\"summary_large_image\" \/>\n<meta name=\"twitter:label1\" content=\"Dur\u00e9e de lecture estim\u00e9e\" \/>\n\t<meta name=\"twitter:data1\" content=\"1 minute\" \/>\n<script type=\"application\/ld+json\" class=\"yoast-schema-graph\">{\"@context\":\"https:\/\/schema.org\",\"@graph\":[{\"@type\":\"WebPage\",\"@id\":\"https:\/\/les-escapades-de-marie.com\/index.php\/contact\/\",\"url\":\"https:\/\/les-escapades-de-marie.com\/index.php\/contact\/\",\"name\":\"Me contacter - Les escapades de Marie\",\"isPartOf\":{\"@id\":\"https:\/\/les-escapades-de-marie.com\/#website\"},\"primaryImageOfPage\":{\"@id\":\"https:\/\/les-escapades-de-marie.com\/index.php\/contact\/#primaryimage\"},\"image\":{\"@id\":\"https:\/\/les-escapades-de-marie.com\/index.php\/contact\/#primaryimage\"},\"thumbnailUrl\":\"https:\/\/les-escapades-de-marie.com\/wp-content\/uploads\/2017\/09\/photo-rome-voyages-marie-vibert-05.jpg\",\"datePublished\":\"2017-09-11T11:32:29+00:00\",\"dateModified\":\"2022-11-29T16:41:05+00:00\",\"breadcrumb\":{\"@id\":\"https:\/\/les-escapades-de-marie.com\/index.php\/contact\/#breadcrumb\"},\"inLanguage\":\"fr-FR\",\"potentialAction\":[{\"@type\":\"ReadAction\",\"target\":[\"https:\/\/les-escapades-de-marie.com\/index.php\/contact\/\"]}]},{\"@type\":\"ImageObject\",\"inLanguage\":\"fr-FR\",\"@id\":\"https:\/\/les-escapades-de-marie.com\/index.php\/contact\/#primaryimage\",\"url\":\"https:\/\/les-escapades-de-marie.com\/wp-content\/uploads\/2017\/09\/photo-rome-voyages-marie-vibert-05.jpg\",\"contentUrl\":\"https:\/\/les-escapades-de-marie.com\/wp-content\/uploads\/2017\/09\/photo-rome-voyages-marie-vibert-05.jpg\",\"width\":1000,\"height\":333,\"caption\":\"Rome d'hier \u00e0 demain voyage culturel les escapades de marie marie vibert connaisseur du voyage\"},{\"@type\":\"BreadcrumbList\",\"@id\":\"https:\/\/les-escapades-de-marie.com\/index.php\/contact\/#breadcrumb\",\"itemListElement\":[{\"@type\":\"ListItem\",\"position\":1,\"name\":\"Accueil\",\"item\":\"https:\/\/les-escapades-de-marie.com\/\"},{\"@type\":\"ListItem\",\"position\":2,\"name\":\"Me contacter\"}]},{\"@type\":\"WebSite\",\"@id\":\"https:\/\/les-escapades-de-marie.com\/#website\",\"url\":\"https:\/\/les-escapades-de-marie.com\/\",\"name\":\"Les escapades de Marie\",\"description\":\"Conna\u00eetre, comprendre, partager.\",\"publisher\":{\"@id\":\"https:\/\/les-escapades-de-marie.com\/#organization\"},\"potentialAction\":[{\"@type\":\"SearchAction\",\"target\":{\"@type\":\"EntryPoint\",\"urlTemplate\":\"https:\/\/les-escapades-de-marie.com\/?s={search_term_string}\"},\"query-input\":{\"@type\":\"PropertyValueSpecification\",\"valueRequired\":true,\"valueName\":\"search_term_string\"}}],\"inLanguage\":\"fr-FR\"},{\"@type\":\"Organization\",\"@id\":\"https:\/\/les-escapades-de-marie.com\/#organization\",\"name\":\"Les escapades de Marie\",\"url\":\"https:\/\/les-escapades-de-marie.com\/\",\"logo\":{\"@type\":\"ImageObject\",\"inLanguage\":\"fr-FR\",\"@id\":\"https:\/\/les-escapades-de-marie.com\/#\/schema\/logo\/image\/\",\"url\":\"https:\/\/les-escapades-de-marie.com\/wp-content\/uploads\/2018\/01\/les-escapades-de-marie-logo-500px-bord-blanc.png\",\"contentUrl\":\"https:\/\/les-escapades-de-marie.com\/wp-content\/uploads\/2018\/01\/les-escapades-de-marie-logo-500px-bord-blanc.png\",\"width\":530,\"height\":230,\"caption\":\"Les escapades de Marie\"},\"image\":{\"@id\":\"https:\/\/les-escapades-de-marie.com\/#\/schema\/logo\/image\/\"}}]}<\/script>\n<!-- \/ Yoast SEO plugin. -->","yoast_head_json":{"title":"Me contacter - Les escapades de Marie","robots":{"index":"index","follow":"follow","max-snippet":"max-snippet:-1","max-image-preview":"max-image-preview:large","max-video-preview":"max-video-preview:-1"},"canonical":"https:\/\/les-escapades-de-marie.com\/index.php\/contact\/","og_locale":"fr_FR","og_type":"article","og_title":"Me contacter - Les escapades de Marie","og_description":"Une envie de voyage ? Pour me contacter, merci de m&rsquo;envoyer un mail \u00e0 l&rsquo;adresse suivante mcvibert2@yahoo.fr ou de me joindre au t\u00e9l\u00e9phone au (00 33) 6 10 11 27 16 de 9h \u00e0 18h du lundi au vendredi.","og_url":"https:\/\/les-escapades-de-marie.com\/index.php\/contact\/","og_site_name":"Les escapades de Marie","article_modified_time":"2022-11-29T16:41:05+00:00","og_image":[{"width":1000,"height":333,"url":"https:\/\/les-escapades-de-marie.com\/wp-content\/uploads\/2017\/09\/photo-rome-voyages-marie-vibert-05.jpg","type":"image\/jpeg"}],"twitter_card":"summary_large_image","twitter_misc":{"Dur\u00e9e de lecture estim\u00e9e":"1 minute"},"schema":{"@context":"https:\/\/schema.org","@graph":[{"@type":"WebPage","@id":"https:\/\/les-escapades-de-marie.com\/index.php\/contact\/","url":"https:\/\/les-escapades-de-marie.com\/index.php\/contact\/","name":"Me contacter - Les escapades de Marie","isPartOf":{"@id":"https:\/\/les-escapades-de-marie.com\/#website"},"primaryImageOfPage":{"@id":"https:\/\/les-escapades-de-marie.com\/index.php\/contact\/#primaryimage"},"image":{"@id":"https:\/\/les-escapades-de-marie.com\/index.php\/contact\/#primaryimage"},"thumbnailUrl":"https:\/\/les-escapades-de-marie.com\/wp-content\/uploads\/2017\/09\/photo-rome-voyages-marie-vibert-05.jpg","datePublished":"2017-09-11T11:32:29+00:00","dateModified":"2022-11-29T16:41:05+00:00","breadcrumb":{"@id":"https:\/\/les-escapades-de-marie.com\/index.php\/contact\/#breadcrumb"},"inLanguage":"fr-FR","potentialAction":[{"@type":"ReadAction","target":["https:\/\/les-escapades-de-marie.com\/index.php\/contact\/"]}]},{"@type":"ImageObject","inLanguage":"fr-FR","@id":"https:\/\/les-escapades-de-marie.com\/index.php\/contact\/#primaryimage","url":"https:\/\/les-escapades-de-marie.com\/wp-content\/uploads\/2017\/09\/photo-rome-voyages-marie-vibert-05.jpg","contentUrl":"https:\/\/les-escapades-de-marie.com\/wp-content\/uploads\/2017\/09\/photo-rome-voyages-marie-vibert-05.jpg","width":1000,"height":333,"caption":"Rome d'hier \u00e0 demain voyage culturel les escapades de marie marie vibert connaisseur du voyage"},{"@type":"BreadcrumbList","@id":"https:\/\/les-escapades-de-marie.com\/index.php\/contact\/#breadcrumb","itemListElement":[{"@type":"ListItem","position":1,"name":"Accueil","item":"https:\/\/les-escapades-de-marie.com\/"},{"@type":"ListItem","position":2,"name":"Me contacter"}]},{"@type":"WebSite","@id":"https:\/\/les-escapades-de-marie.com\/#website","url":"https:\/\/les-escapades-de-marie.com\/","name":"Les escapades de Marie","description":"Conna\u00eetre, comprendre, partager.","publisher":{"@id":"https:\/\/les-escapades-de-marie.com\/#organization"},"potentialAction":[{"@type":"SearchAction","target":{"@type":"EntryPoint","urlTemplate":"https:\/\/les-escapades-de-marie.com\/?s={search_term_string}"},"query-input":{"@type":"PropertyValueSpecification","valueRequired":true,"valueName":"search_term_string"}}],"inLanguage":"fr-FR"},{"@type":"Organization","@id":"https:\/\/les-escapades-de-marie.com\/#organization","name":"Les escapades de Marie","url":"https:\/\/les-escapades-de-marie.com\/","logo":{"@type":"ImageObject","inLanguage":"fr-FR","@id":"https:\/\/les-escapades-de-marie.com\/#\/schema\/logo\/image\/","url":"https:\/\/les-escapades-de-marie.com\/wp-content\/uploads\/2018\/01\/les-escapades-de-marie-logo-500px-bord-blanc.png","contentUrl":"https:\/\/les-escapades-de-marie.com\/wp-content\/uploads\/2018\/01\/les-escapades-de-marie-logo-500px-bord-blanc.png","width":530,"height":230,"caption":"Les escapades de Marie"},"image":{"@id":"https:\/\/les-escapades-de-marie.com\/#\/schema\/logo\/image\/"}}]}},"_links":{"self":[{"href":"https:\/\/les-escapades-de-marie.com\/index.php\/wp-json\/wp\/v2\/pages\/312","targetHints":{"allow":["GET"]}}],"collection":[{"href":"https:\/\/les-escapades-de-marie.com\/index.php\/wp-json\/wp\/v2\/pages"}],"about":[{"href":"https:\/\/les-escapades-de-marie.com\/index.php\/wp-json\/wp\/v2\/types\/page"}],"author":[{"embeddable":true,"href":"https:\/\/les-escapades-de-marie.com\/index.php\/wp-json\/wp\/v2\/users\/1"}],"replies":[{"embeddable":true,"href":"https:\/\/les-escapades-de-marie.com\/index.php\/wp-json\/wp\/v2\/comments?post=312"}],"version-history":[{"count":0,"href":"https:\/\/les-escapades-de-marie.com\/index.php\/wp-json\/wp\/v2\/pages\/312\/revisions"}],"wp:featuredmedia":[{"embeddable":true,"href":"https:\/\/les-escapades-de-marie.com\/index.php\/wp-json\/wp\/v2\/media\/700"}],"wp:attachment":[{"href":"https:\/\/les-escapades-de-marie.com\/index.php\/wp-json\/wp\/v2\/media?parent=312"}],"curies":[{"name":"wp","href":"https:\/\/api.w.org\/{rel}","templated":true}]}}