{"id":64,"date":"2017-09-07T12:05:07","date_gmt":"2017-09-07T10:05:07","guid":{"rendered":"https:\/\/demo.themefreesia.com\/idyllic-plus\/?page_id=64"},"modified":"2018-01-12T16:44:10","modified_gmt":"2018-01-12T15:44:10","slug":"marie-vibert","status":"publish","type":"page","link":"https:\/\/les-escapades-de-marie.com\/index.php\/marie-vibert\/","title":{"rendered":"A propos"},"content":{"rendered":"<p class=\"p1\"><span class=\"s1\">\u00c9tudes de langues, passion pour l\u2019histoire\u00a0: quelques voyages plus tard m\u2019est venue l\u2019envie de partager ces d\u00e9couvertes avec d\u2019autres.<\/span><\/p>\n<p class=\"p1\"><span class=\"s1\">Depuis une quinzaine d\u2019ann\u00e9es, avec une agence de voyages partenaire, j\u2019ai engag\u00e9 mon parcours professionnel dans cette voie.<span class=\"Apple-converted-space\">\u00a0 <\/span>Les premiers voyages ont \u00e9t\u00e9 la d\u00e9couverte des pays du Proche-Orient, particuli\u00e8rement la Syrie. Mon int\u00e9r\u00eat s\u2019est ensuite port\u00e9 vers d\u2019autres destinations dont quelques-exemples figurent sur ce site, pays du Caucase comme l\u2019Arm\u00e9nie et la G\u00e9orgie, les pays d\u2019Europe centrale, Roumanie, Pologne\u00a0; plus proche de nous, l\u2019Italie ou encore l\u2019Asie avec le Japon.<\/span><\/p>\n<p class=\"p1\"><span class=\"s1\">Je vous invite \u00e0 d\u00e9couvrir sur ce site <a href=\"https:\/\/les-escapades-de-marie.com\/index.php\/les-sejours\/\">quelques exemples de voyages<\/a>. <\/span><\/p>\n","protected":false},"excerpt":{"rendered":"<p>\u00c9tudes de langues, passion pour l\u2019histoire\u00a0: quelques voyages plus tard m\u2019est venue l\u2019envie de partager ces d\u00e9couvertes avec d\u2019autres. Depuis une quinzaine d\u2019ann\u00e9es, avec une agence de voyages partenaire, j\u2019ai engag\u00e9 mon parcours professionnel dans cette voie.\u00a0 Les premiers voyages ont \u00e9t\u00e9 la d\u00e9couverte des pays du Proche-Orient, particuli\u00e8rement la&hellip; <\/p>\n","protected":false},"author":1,"featured_media":605,"parent":0,"menu_order":0,"comment_status":"closed","ping_status":"closed","template":"","meta":{"footnotes":""},"class_list":["post-64","page","type-page","status-publish","has-post-thumbnail","hentry"],"yoast_head":"<!-- This site is optimized with the Yoast SEO plugin v26.6 - https:\/\/yoast.com\/wordpress\/plugins\/seo\/ -->\n<title>A propos - Les escapades de Marie<\/title>\n<meta name=\"robots\" content=\"index, follow, max-snippet:-1, max-image-preview:large, max-video-preview:-1\" \/>\n<link rel=\"canonical\" href=\"https:\/\/les-escapades-de-marie.com\/index.php\/marie-vibert\/\" \/>\n<meta property=\"og:locale\" content=\"fr_FR\" \/>\n<meta property=\"og:type\" content=\"article\" \/>\n<meta property=\"og:title\" content=\"A propos - Les escapades de Marie\" \/>\n<meta property=\"og:description\" content=\"\u00c9tudes de langues, passion pour l\u2019histoire\u00a0: quelques voyages plus tard m\u2019est venue l\u2019envie de partager ces d\u00e9couvertes avec d\u2019autres. Depuis une quinzaine d\u2019ann\u00e9es, avec une agence de voyages partenaire, j\u2019ai engag\u00e9 mon parcours professionnel dans cette voie.\u00a0 Les premiers voyages ont \u00e9t\u00e9 la d\u00e9couverte des pays du Proche-Orient, particuli\u00e8rement la&hellip;\" \/>\n<meta property=\"og:url\" content=\"https:\/\/les-escapades-de-marie.com\/index.php\/marie-vibert\/\" \/>\n<meta property=\"og:site_name\" content=\"Les escapades de Marie\" \/>\n<meta property=\"article:modified_time\" content=\"2018-01-12T15:44:10+00:00\" \/>\n<meta property=\"og:image\" content=\"https:\/\/les-escapades-de-marie.com\/wp-content\/uploads\/2018\/01\/a-propos-voyages-sur-mesure-marie-vibert.jpg\" \/>\n\t<meta property=\"og:image:width\" content=\"1500\" \/>\n\t<meta property=\"og:image:height\" content=\"844\" \/>\n\t<meta property=\"og:image:type\" content=\"image\/jpeg\" \/>\n<meta name=\"twitter:card\" content=\"summary_large_image\" \/>\n<meta name=\"twitter:label1\" content=\"Dur\u00e9e de lecture estim\u00e9e\" \/>\n\t<meta name=\"twitter:data1\" content=\"1 minute\" \/>\n<script type=\"application\/ld+json\" class=\"yoast-schema-graph\">{\"@context\":\"https:\/\/schema.org\",\"@graph\":[{\"@type\":\"WebPage\",\"@id\":\"https:\/\/les-escapades-de-marie.com\/index.php\/marie-vibert\/\",\"url\":\"https:\/\/les-escapades-de-marie.com\/index.php\/marie-vibert\/\",\"name\":\"A propos - Les escapades de Marie\",\"isPartOf\":{\"@id\":\"https:\/\/les-escapades-de-marie.com\/#website\"},\"primaryImageOfPage\":{\"@id\":\"https:\/\/les-escapades-de-marie.com\/index.php\/marie-vibert\/#primaryimage\"},\"image\":{\"@id\":\"https:\/\/les-escapades-de-marie.com\/index.php\/marie-vibert\/#primaryimage\"},\"thumbnailUrl\":\"https:\/\/les-escapades-de-marie.com\/wp-content\/uploads\/2018\/01\/a-propos-voyages-sur-mesure-marie-vibert.jpg\",\"datePublished\":\"2017-09-07T10:05:07+00:00\",\"dateModified\":\"2018-01-12T15:44:10+00:00\",\"breadcrumb\":{\"@id\":\"https:\/\/les-escapades-de-marie.com\/index.php\/marie-vibert\/#breadcrumb\"},\"inLanguage\":\"fr-FR\",\"potentialAction\":[{\"@type\":\"ReadAction\",\"target\":[\"https:\/\/les-escapades-de-marie.com\/index.php\/marie-vibert\/\"]}]},{\"@type\":\"ImageObject\",\"inLanguage\":\"fr-FR\",\"@id\":\"https:\/\/les-escapades-de-marie.com\/index.php\/marie-vibert\/#primaryimage\",\"url\":\"https:\/\/les-escapades-de-marie.com\/wp-content\/uploads\/2018\/01\/a-propos-voyages-sur-mesure-marie-vibert.jpg\",\"contentUrl\":\"https:\/\/les-escapades-de-marie.com\/wp-content\/uploads\/2018\/01\/a-propos-voyages-sur-mesure-marie-vibert.jpg\",\"width\":1500,\"height\":844},{\"@type\":\"BreadcrumbList\",\"@id\":\"https:\/\/les-escapades-de-marie.com\/index.php\/marie-vibert\/#breadcrumb\",\"itemListElement\":[{\"@type\":\"ListItem\",\"position\":1,\"name\":\"Accueil\",\"item\":\"https:\/\/les-escapades-de-marie.com\/\"},{\"@type\":\"ListItem\",\"position\":2,\"name\":\"A propos\"}]},{\"@type\":\"WebSite\",\"@id\":\"https:\/\/les-escapades-de-marie.com\/#website\",\"url\":\"https:\/\/les-escapades-de-marie.com\/\",\"name\":\"Les escapades de Marie\",\"description\":\"Conna\u00eetre, comprendre, partager.\",\"publisher\":{\"@id\":\"https:\/\/les-escapades-de-marie.com\/#organization\"},\"potentialAction\":[{\"@type\":\"SearchAction\",\"target\":{\"@type\":\"EntryPoint\",\"urlTemplate\":\"https:\/\/les-escapades-de-marie.com\/?s={search_term_string}\"},\"query-input\":{\"@type\":\"PropertyValueSpecification\",\"valueRequired\":true,\"valueName\":\"search_term_string\"}}],\"inLanguage\":\"fr-FR\"},{\"@type\":\"Organization\",\"@id\":\"https:\/\/les-escapades-de-marie.com\/#organization\",\"name\":\"Les escapades de Marie\",\"url\":\"https:\/\/les-escapades-de-marie.com\/\",\"logo\":{\"@type\":\"ImageObject\",\"inLanguage\":\"fr-FR\",\"@id\":\"https:\/\/les-escapades-de-marie.com\/#\/schema\/logo\/image\/\",\"url\":\"https:\/\/les-escapades-de-marie.com\/wp-content\/uploads\/2018\/01\/les-escapades-de-marie-logo-500px-bord-blanc.png\",\"contentUrl\":\"https:\/\/les-escapades-de-marie.com\/wp-content\/uploads\/2018\/01\/les-escapades-de-marie-logo-500px-bord-blanc.png\",\"width\":530,\"height\":230,\"caption\":\"Les escapades de Marie\"},\"image\":{\"@id\":\"https:\/\/les-escapades-de-marie.com\/#\/schema\/logo\/image\/\"}}]}<\/script>\n<!-- \/ Yoast SEO plugin. -->","yoast_head_json":{"title":"A propos - Les escapades de Marie","robots":{"index":"index","follow":"follow","max-snippet":"max-snippet:-1","max-image-preview":"max-image-preview:large","max-video-preview":"max-video-preview:-1"},"canonical":"https:\/\/les-escapades-de-marie.com\/index.php\/marie-vibert\/","og_locale":"fr_FR","og_type":"article","og_title":"A propos - Les escapades de Marie","og_description":"\u00c9tudes de langues, passion pour l\u2019histoire\u00a0: quelques voyages plus tard m\u2019est venue l\u2019envie de partager ces d\u00e9couvertes avec d\u2019autres. Depuis une quinzaine d\u2019ann\u00e9es, avec une agence de voyages partenaire, j\u2019ai engag\u00e9 mon parcours professionnel dans cette voie.\u00a0 Les premiers voyages ont \u00e9t\u00e9 la d\u00e9couverte des pays du Proche-Orient, particuli\u00e8rement la&hellip;","og_url":"https:\/\/les-escapades-de-marie.com\/index.php\/marie-vibert\/","og_site_name":"Les escapades de Marie","article_modified_time":"2018-01-12T15:44:10+00:00","og_image":[{"width":1500,"height":844,"url":"https:\/\/les-escapades-de-marie.com\/wp-content\/uploads\/2018\/01\/a-propos-voyages-sur-mesure-marie-vibert.jpg","type":"image\/jpeg"}],"twitter_card":"summary_large_image","twitter_misc":{"Dur\u00e9e de lecture estim\u00e9e":"1 minute"},"schema":{"@context":"https:\/\/schema.org","@graph":[{"@type":"WebPage","@id":"https:\/\/les-escapades-de-marie.com\/index.php\/marie-vibert\/","url":"https:\/\/les-escapades-de-marie.com\/index.php\/marie-vibert\/","name":"A propos - Les escapades de Marie","isPartOf":{"@id":"https:\/\/les-escapades-de-marie.com\/#website"},"primaryImageOfPage":{"@id":"https:\/\/les-escapades-de-marie.com\/index.php\/marie-vibert\/#primaryimage"},"image":{"@id":"https:\/\/les-escapades-de-marie.com\/index.php\/marie-vibert\/#primaryimage"},"thumbnailUrl":"https:\/\/les-escapades-de-marie.com\/wp-content\/uploads\/2018\/01\/a-propos-voyages-sur-mesure-marie-vibert.jpg","datePublished":"2017-09-07T10:05:07+00:00","dateModified":"2018-01-12T15:44:10+00:00","breadcrumb":{"@id":"https:\/\/les-escapades-de-marie.com\/index.php\/marie-vibert\/#breadcrumb"},"inLanguage":"fr-FR","potentialAction":[{"@type":"ReadAction","target":["https:\/\/les-escapades-de-marie.com\/index.php\/marie-vibert\/"]}]},{"@type":"ImageObject","inLanguage":"fr-FR","@id":"https:\/\/les-escapades-de-marie.com\/index.php\/marie-vibert\/#primaryimage","url":"https:\/\/les-escapades-de-marie.com\/wp-content\/uploads\/2018\/01\/a-propos-voyages-sur-mesure-marie-vibert.jpg","contentUrl":"https:\/\/les-escapades-de-marie.com\/wp-content\/uploads\/2018\/01\/a-propos-voyages-sur-mesure-marie-vibert.jpg","width":1500,"height":844},{"@type":"BreadcrumbList","@id":"https:\/\/les-escapades-de-marie.com\/index.php\/marie-vibert\/#breadcrumb","itemListElement":[{"@type":"ListItem","position":1,"name":"Accueil","item":"https:\/\/les-escapades-de-marie.com\/"},{"@type":"ListItem","position":2,"name":"A propos"}]},{"@type":"WebSite","@id":"https:\/\/les-escapades-de-marie.com\/#website","url":"https:\/\/les-escapades-de-marie.com\/","name":"Les escapades de Marie","description":"Conna\u00eetre, comprendre, partager.","publisher":{"@id":"https:\/\/les-escapades-de-marie.com\/#organization"},"potentialAction":[{"@type":"SearchAction","target":{"@type":"EntryPoint","urlTemplate":"https:\/\/les-escapades-de-marie.com\/?s={search_term_string}"},"query-input":{"@type":"PropertyValueSpecification","valueRequired":true,"valueName":"search_term_string"}}],"inLanguage":"fr-FR"},{"@type":"Organization","@id":"https:\/\/les-escapades-de-marie.com\/#organization","name":"Les escapades de Marie","url":"https:\/\/les-escapades-de-marie.com\/","logo":{"@type":"ImageObject","inLanguage":"fr-FR","@id":"https:\/\/les-escapades-de-marie.com\/#\/schema\/logo\/image\/","url":"https:\/\/les-escapades-de-marie.com\/wp-content\/uploads\/2018\/01\/les-escapades-de-marie-logo-500px-bord-blanc.png","contentUrl":"https:\/\/les-escapades-de-marie.com\/wp-content\/uploads\/2018\/01\/les-escapades-de-marie-logo-500px-bord-blanc.png","width":530,"height":230,"caption":"Les escapades de Marie"},"image":{"@id":"https:\/\/les-escapades-de-marie.com\/#\/schema\/logo\/image\/"}}]}},"_links":{"self":[{"href":"https:\/\/les-escapades-de-marie.com\/index.php\/wp-json\/wp\/v2\/pages\/64","targetHints":{"allow":["GET"]}}],"collection":[{"href":"https:\/\/les-escapades-de-marie.com\/index.php\/wp-json\/wp\/v2\/pages"}],"about":[{"href":"https:\/\/les-escapades-de-marie.com\/index.php\/wp-json\/wp\/v2\/types\/page"}],"author":[{"embeddable":true,"href":"https:\/\/les-escapades-de-marie.com\/index.php\/wp-json\/wp\/v2\/users\/1"}],"replies":[{"embeddable":true,"href":"https:\/\/les-escapades-de-marie.com\/index.php\/wp-json\/wp\/v2\/comments?post=64"}],"version-history":[{"count":0,"href":"https:\/\/les-escapades-de-marie.com\/index.php\/wp-json\/wp\/v2\/pages\/64\/revisions"}],"wp:featuredmedia":[{"embeddable":true,"href":"https:\/\/les-escapades-de-marie.com\/index.php\/wp-json\/wp\/v2\/media\/605"}],"wp:attachment":[{"href":"https:\/\/les-escapades-de-marie.com\/index.php\/wp-json\/wp\/v2\/media?parent=64"}],"curies":[{"name":"wp","href":"https:\/\/api.w.org\/{rel}","templated":true}]}}