{"id":80,"date":"2017-09-07T12:22:54","date_gmt":"2017-09-07T12:22:54","guid":{"rendered":"https:\/\/demo.themefreesia.com\/idyllic-plus\/?page_id=80"},"modified":"2018-01-15T14:49:11","modified_gmt":"2018-01-15T13:49:11","slug":"presentation-les-escapades-de-marie","status":"publish","type":"page","link":"https:\/\/les-escapades-de-marie.com\/index.php\/presentation-les-escapades-de-marie\/","title":{"rendered":"Bienvenue"},"content":{"rendered":"<p class=\"p1\"><strong><span class=\"s1\">Pour le voyageur en qu\u00eate d\u2019authenticit\u00e9, le voyage culturel<span class=\"Apple-converted-space\">\u00a0 <\/span>ne fait pas seulement appel au savoir\u00a0; il interpelle les sensations, les \u00e9motions, les rencontres et la convivialit\u00e9\u00a0;<span class=\"Apple-converted-space\">\u00a0 <\/span>il est ouverture au monde et \u00e0 l\u2019autre dans son identit\u00e9, au travers de ses traditions historiques, architecturales, musicales, artistiques<span class=\"Apple-converted-space\">\u00a0 <\/span>et m\u00eame gastronomiques. Il convie \u00e0 la r\u00e9ciprocit\u00e9 de l\u2019\u00e9change, meilleur gage de r\u00e9ussite pour habiter le monde.<\/span><\/strong><\/p>\n<p class=\"p1\"><span class=\"s1\">Je con\u00e7ois des voyages sur mesure ou propose des s\u00e9jours d\u00e9j\u00e0 r\u00e9alis\u00e9s qui peuvent \u00eatre adapt\u00e9s. Ces voyages sont \u00e9labor\u00e9s pour des groupes d\u00e9j\u00e0 constitu\u00e9s (amis, associations) ou pour des particuliers \u00e0 la recherche d\u2019un voyage affin\u00e9\u00a0: Japon, Iran, Italie, s\u00e9jours musicaux comme le festival Bach de Leipzig ou le festival de Prague, Emirats ou, pourquoi pas la d\u00e9couverte insolite de r\u00e9gions moins visit\u00e9es mais tout aussi riches d\u2019histoire, Roumanie, Pologne, Arm\u00e9nie ou G\u00e9orgie\u2026<\/span><\/p>\n","protected":false},"excerpt":{"rendered":"<p>Pour le voyageur en qu\u00eate d\u2019authenticit\u00e9, le voyage culturel\u00a0 ne fait pas seulement appel au savoir\u00a0; il interpelle les sensations, les \u00e9motions, les rencontres et la convivialit\u00e9\u00a0;\u00a0 il est ouverture au monde et \u00e0 l\u2019autre dans son identit\u00e9, au travers de ses traditions historiques, architecturales, musicales, artistiques\u00a0 et m\u00eame gastronomiques.&hellip; <\/p>\n","protected":false},"author":1,"featured_media":598,"parent":0,"menu_order":0,"comment_status":"closed","ping_status":"closed","template":"","meta":{"footnotes":""},"class_list":["post-80","page","type-page","status-publish","has-post-thumbnail","hentry"],"yoast_head":"<!-- This site is optimized with the Yoast SEO plugin v26.6 - https:\/\/yoast.com\/wordpress\/plugins\/seo\/ -->\n<title>Bienvenue - Les escapades de Marie<\/title>\n<meta name=\"robots\" content=\"index, follow, max-snippet:-1, max-image-preview:large, max-video-preview:-1\" \/>\n<link rel=\"canonical\" href=\"https:\/\/les-escapades-de-marie.com\/index.php\/presentation-les-escapades-de-marie\/\" \/>\n<meta property=\"og:locale\" content=\"fr_FR\" \/>\n<meta property=\"og:type\" content=\"article\" \/>\n<meta property=\"og:title\" content=\"Bienvenue - Les escapades de Marie\" \/>\n<meta property=\"og:description\" content=\"Pour le voyageur en qu\u00eate d\u2019authenticit\u00e9, le voyage culturel\u00a0 ne fait pas seulement appel au savoir\u00a0; il interpelle les sensations, les \u00e9motions, les rencontres et la convivialit\u00e9\u00a0;\u00a0 il est ouverture au monde et \u00e0 l\u2019autre dans son identit\u00e9, au travers de ses traditions historiques, architecturales, musicales, artistiques\u00a0 et m\u00eame gastronomiques.&hellip;\" \/>\n<meta property=\"og:url\" content=\"https:\/\/les-escapades-de-marie.com\/index.php\/presentation-les-escapades-de-marie\/\" \/>\n<meta property=\"og:site_name\" content=\"Les escapades de Marie\" \/>\n<meta property=\"article:modified_time\" content=\"2018-01-15T13:49:11+00:00\" \/>\n<meta property=\"og:image\" content=\"https:\/\/les-escapades-de-marie.com\/wp-content\/uploads\/2018\/01\/presentation-voyages-sur-mesure-marie-vibert.jpg\" \/>\n\t<meta property=\"og:image:width\" content=\"1500\" \/>\n\t<meta property=\"og:image:height\" content=\"909\" \/>\n\t<meta property=\"og:image:type\" content=\"image\/jpeg\" \/>\n<meta name=\"twitter:card\" content=\"summary_large_image\" \/>\n<meta name=\"twitter:label1\" content=\"Dur\u00e9e de lecture estim\u00e9e\" \/>\n\t<meta name=\"twitter:data1\" content=\"1 minute\" \/>\n<script type=\"application\/ld+json\" class=\"yoast-schema-graph\">{\"@context\":\"https:\/\/schema.org\",\"@graph\":[{\"@type\":\"WebPage\",\"@id\":\"https:\/\/les-escapades-de-marie.com\/index.php\/presentation-les-escapades-de-marie\/\",\"url\":\"https:\/\/les-escapades-de-marie.com\/index.php\/presentation-les-escapades-de-marie\/\",\"name\":\"Bienvenue - Les escapades de Marie\",\"isPartOf\":{\"@id\":\"https:\/\/les-escapades-de-marie.com\/#website\"},\"primaryImageOfPage\":{\"@id\":\"https:\/\/les-escapades-de-marie.com\/index.php\/presentation-les-escapades-de-marie\/#primaryimage\"},\"image\":{\"@id\":\"https:\/\/les-escapades-de-marie.com\/index.php\/presentation-les-escapades-de-marie\/#primaryimage\"},\"thumbnailUrl\":\"https:\/\/les-escapades-de-marie.com\/wp-content\/uploads\/2018\/01\/presentation-voyages-sur-mesure-marie-vibert.jpg\",\"datePublished\":\"2017-09-07T12:22:54+00:00\",\"dateModified\":\"2018-01-15T13:49:11+00:00\",\"breadcrumb\":{\"@id\":\"https:\/\/les-escapades-de-marie.com\/index.php\/presentation-les-escapades-de-marie\/#breadcrumb\"},\"inLanguage\":\"fr-FR\",\"potentialAction\":[{\"@type\":\"ReadAction\",\"target\":[\"https:\/\/les-escapades-de-marie.com\/index.php\/presentation-les-escapades-de-marie\/\"]}]},{\"@type\":\"ImageObject\",\"inLanguage\":\"fr-FR\",\"@id\":\"https:\/\/les-escapades-de-marie.com\/index.php\/presentation-les-escapades-de-marie\/#primaryimage\",\"url\":\"https:\/\/les-escapades-de-marie.com\/wp-content\/uploads\/2018\/01\/presentation-voyages-sur-mesure-marie-vibert.jpg\",\"contentUrl\":\"https:\/\/les-escapades-de-marie.com\/wp-content\/uploads\/2018\/01\/presentation-voyages-sur-mesure-marie-vibert.jpg\",\"width\":1500,\"height\":909},{\"@type\":\"BreadcrumbList\",\"@id\":\"https:\/\/les-escapades-de-marie.com\/index.php\/presentation-les-escapades-de-marie\/#breadcrumb\",\"itemListElement\":[{\"@type\":\"ListItem\",\"position\":1,\"name\":\"Accueil\",\"item\":\"https:\/\/les-escapades-de-marie.com\/\"},{\"@type\":\"ListItem\",\"position\":2,\"name\":\"Bienvenue\"}]},{\"@type\":\"WebSite\",\"@id\":\"https:\/\/les-escapades-de-marie.com\/#website\",\"url\":\"https:\/\/les-escapades-de-marie.com\/\",\"name\":\"Les escapades de Marie\",\"description\":\"Conna\u00eetre, comprendre, partager.\",\"publisher\":{\"@id\":\"https:\/\/les-escapades-de-marie.com\/#organization\"},\"potentialAction\":[{\"@type\":\"SearchAction\",\"target\":{\"@type\":\"EntryPoint\",\"urlTemplate\":\"https:\/\/les-escapades-de-marie.com\/?s={search_term_string}\"},\"query-input\":{\"@type\":\"PropertyValueSpecification\",\"valueRequired\":true,\"valueName\":\"search_term_string\"}}],\"inLanguage\":\"fr-FR\"},{\"@type\":\"Organization\",\"@id\":\"https:\/\/les-escapades-de-marie.com\/#organization\",\"name\":\"Les escapades de Marie\",\"url\":\"https:\/\/les-escapades-de-marie.com\/\",\"logo\":{\"@type\":\"ImageObject\",\"inLanguage\":\"fr-FR\",\"@id\":\"https:\/\/les-escapades-de-marie.com\/#\/schema\/logo\/image\/\",\"url\":\"https:\/\/les-escapades-de-marie.com\/wp-content\/uploads\/2018\/01\/les-escapades-de-marie-logo-500px-bord-blanc.png\",\"contentUrl\":\"https:\/\/les-escapades-de-marie.com\/wp-content\/uploads\/2018\/01\/les-escapades-de-marie-logo-500px-bord-blanc.png\",\"width\":530,\"height\":230,\"caption\":\"Les escapades de Marie\"},\"image\":{\"@id\":\"https:\/\/les-escapades-de-marie.com\/#\/schema\/logo\/image\/\"}}]}<\/script>\n<!-- \/ Yoast SEO plugin. -->","yoast_head_json":{"title":"Bienvenue - Les escapades de Marie","robots":{"index":"index","follow":"follow","max-snippet":"max-snippet:-1","max-image-preview":"max-image-preview:large","max-video-preview":"max-video-preview:-1"},"canonical":"https:\/\/les-escapades-de-marie.com\/index.php\/presentation-les-escapades-de-marie\/","og_locale":"fr_FR","og_type":"article","og_title":"Bienvenue - Les escapades de Marie","og_description":"Pour le voyageur en qu\u00eate d\u2019authenticit\u00e9, le voyage culturel\u00a0 ne fait pas seulement appel au savoir\u00a0; il interpelle les sensations, les \u00e9motions, les rencontres et la convivialit\u00e9\u00a0;\u00a0 il est ouverture au monde et \u00e0 l\u2019autre dans son identit\u00e9, au travers de ses traditions historiques, architecturales, musicales, artistiques\u00a0 et m\u00eame gastronomiques.&hellip;","og_url":"https:\/\/les-escapades-de-marie.com\/index.php\/presentation-les-escapades-de-marie\/","og_site_name":"Les escapades de Marie","article_modified_time":"2018-01-15T13:49:11+00:00","og_image":[{"width":1500,"height":909,"url":"https:\/\/les-escapades-de-marie.com\/wp-content\/uploads\/2018\/01\/presentation-voyages-sur-mesure-marie-vibert.jpg","type":"image\/jpeg"}],"twitter_card":"summary_large_image","twitter_misc":{"Dur\u00e9e de lecture estim\u00e9e":"1 minute"},"schema":{"@context":"https:\/\/schema.org","@graph":[{"@type":"WebPage","@id":"https:\/\/les-escapades-de-marie.com\/index.php\/presentation-les-escapades-de-marie\/","url":"https:\/\/les-escapades-de-marie.com\/index.php\/presentation-les-escapades-de-marie\/","name":"Bienvenue - Les escapades de Marie","isPartOf":{"@id":"https:\/\/les-escapades-de-marie.com\/#website"},"primaryImageOfPage":{"@id":"https:\/\/les-escapades-de-marie.com\/index.php\/presentation-les-escapades-de-marie\/#primaryimage"},"image":{"@id":"https:\/\/les-escapades-de-marie.com\/index.php\/presentation-les-escapades-de-marie\/#primaryimage"},"thumbnailUrl":"https:\/\/les-escapades-de-marie.com\/wp-content\/uploads\/2018\/01\/presentation-voyages-sur-mesure-marie-vibert.jpg","datePublished":"2017-09-07T12:22:54+00:00","dateModified":"2018-01-15T13:49:11+00:00","breadcrumb":{"@id":"https:\/\/les-escapades-de-marie.com\/index.php\/presentation-les-escapades-de-marie\/#breadcrumb"},"inLanguage":"fr-FR","potentialAction":[{"@type":"ReadAction","target":["https:\/\/les-escapades-de-marie.com\/index.php\/presentation-les-escapades-de-marie\/"]}]},{"@type":"ImageObject","inLanguage":"fr-FR","@id":"https:\/\/les-escapades-de-marie.com\/index.php\/presentation-les-escapades-de-marie\/#primaryimage","url":"https:\/\/les-escapades-de-marie.com\/wp-content\/uploads\/2018\/01\/presentation-voyages-sur-mesure-marie-vibert.jpg","contentUrl":"https:\/\/les-escapades-de-marie.com\/wp-content\/uploads\/2018\/01\/presentation-voyages-sur-mesure-marie-vibert.jpg","width":1500,"height":909},{"@type":"BreadcrumbList","@id":"https:\/\/les-escapades-de-marie.com\/index.php\/presentation-les-escapades-de-marie\/#breadcrumb","itemListElement":[{"@type":"ListItem","position":1,"name":"Accueil","item":"https:\/\/les-escapades-de-marie.com\/"},{"@type":"ListItem","position":2,"name":"Bienvenue"}]},{"@type":"WebSite","@id":"https:\/\/les-escapades-de-marie.com\/#website","url":"https:\/\/les-escapades-de-marie.com\/","name":"Les escapades de Marie","description":"Conna\u00eetre, comprendre, partager.","publisher":{"@id":"https:\/\/les-escapades-de-marie.com\/#organization"},"potentialAction":[{"@type":"SearchAction","target":{"@type":"EntryPoint","urlTemplate":"https:\/\/les-escapades-de-marie.com\/?s={search_term_string}"},"query-input":{"@type":"PropertyValueSpecification","valueRequired":true,"valueName":"search_term_string"}}],"inLanguage":"fr-FR"},{"@type":"Organization","@id":"https:\/\/les-escapades-de-marie.com\/#organization","name":"Les escapades de Marie","url":"https:\/\/les-escapades-de-marie.com\/","logo":{"@type":"ImageObject","inLanguage":"fr-FR","@id":"https:\/\/les-escapades-de-marie.com\/#\/schema\/logo\/image\/","url":"https:\/\/les-escapades-de-marie.com\/wp-content\/uploads\/2018\/01\/les-escapades-de-marie-logo-500px-bord-blanc.png","contentUrl":"https:\/\/les-escapades-de-marie.com\/wp-content\/uploads\/2018\/01\/les-escapades-de-marie-logo-500px-bord-blanc.png","width":530,"height":230,"caption":"Les escapades de Marie"},"image":{"@id":"https:\/\/les-escapades-de-marie.com\/#\/schema\/logo\/image\/"}}]}},"_links":{"self":[{"href":"https:\/\/les-escapades-de-marie.com\/index.php\/wp-json\/wp\/v2\/pages\/80","targetHints":{"allow":["GET"]}}],"collection":[{"href":"https:\/\/les-escapades-de-marie.com\/index.php\/wp-json\/wp\/v2\/pages"}],"about":[{"href":"https:\/\/les-escapades-de-marie.com\/index.php\/wp-json\/wp\/v2\/types\/page"}],"author":[{"embeddable":true,"href":"https:\/\/les-escapades-de-marie.com\/index.php\/wp-json\/wp\/v2\/users\/1"}],"replies":[{"embeddable":true,"href":"https:\/\/les-escapades-de-marie.com\/index.php\/wp-json\/wp\/v2\/comments?post=80"}],"version-history":[{"count":0,"href":"https:\/\/les-escapades-de-marie.com\/index.php\/wp-json\/wp\/v2\/pages\/80\/revisions"}],"wp:featuredmedia":[{"embeddable":true,"href":"https:\/\/les-escapades-de-marie.com\/index.php\/wp-json\/wp\/v2\/media\/598"}],"wp:attachment":[{"href":"https:\/\/les-escapades-de-marie.com\/index.php\/wp-json\/wp\/v2\/media?parent=80"}],"curies":[{"name":"wp","href":"https:\/\/api.w.org\/{rel}","templated":true}]}}